{"id":95,"date":"2023-11-27T10:30:51","date_gmt":"2023-11-27T09:30:51","guid":{"rendered":"http:\/\/www.codetik.org\/100pour1narbonne\/?page_id=95"},"modified":"2023-11-27T13:34:00","modified_gmt":"2023-11-27T12:34:00","slug":"slider","status":"publish","type":"page","link":"http:\/\/www.codetik.org\/100pour1narbonne\/slider\/","title":{"rendered":"Des id\u00e9es pour nous aider"},"content":{"rendered":"\n<p><\/p>\n\n\n\n<p>Cette ann\u00e9e, nous avons mis en place des commissions pour faciliter le d\u00e9veloppement de notre association et mieux r\u00e9partir le travail. <\/p>\n\n\n\n<p><\/p>\n\n\n\n<p>Si vous voulez<strong>&nbsp;vous inscrire dans une de ces commissions<\/strong>&nbsp;ou avoir plus de renseignements, \u00e9crivez-nous !<\/p>\n\n\n\n<blockquote class=\"wp-block-quote is-layout-flow wp-block-quote-is-layout-flow\">\n<p><em>Les commissions :<\/em><\/p>\n\n\n\n<p>\u2013&nbsp;Communication<br>\u2013 Recherche de financement et de partenariat<\/p>\n\n\n\n<p>\u2013 Tr\u00e9sorerie et budget de l\u2019Association<\/p>\n\n\n\n<p>\u2013 Gestion des Logements<br>\u2013 Gestion des familles et des r\u00e9f\u00e9rents&nbsp;<br>\u2013 Administration de l\u2019association<\/p>\n<\/blockquote>\n\n\n\n<p><\/p>\n","protected":false},"excerpt":{"rendered":"<p>Cette ann\u00e9e, nous avons mis en place des commissions pour faciliter le d\u00e9veloppement de notre association et mieux r\u00e9partir le travail. Si vous voulez&nbsp;vous inscrire dans une de ces commissions&nbsp;ou avoir plus de renseignements, \u00e9crivez-nous ! Les commissions : \u2013&nbsp;Communication\u2013 Recherche de financement et de partenariat \u2013 Tr\u00e9sorerie et budget de l\u2019Association \u2013 Gestion des [&hellip;]<\/p>\n","protected":false},"author":1,"featured_media":129,"parent":0,"menu_order":0,"comment_status":"closed","ping_status":"closed","template":"","meta":{"_regular_price":[],"currency_symbol":[],"footnotes":""},"class_list":["post-95","page","type-page","status-publish","has-post-thumbnail","hentry"],"post_slider_layout_featured_media_urls":{"thumbnail":["http:\/\/www.codetik.org\/100pour1narbonne\/wp-content\/uploads\/2023\/11\/bandeau100pouruntoitelargi-150x150.jpg",150,150,true],"post_slider_layout_landscape_large":["http:\/\/www.codetik.org\/100pour1narbonne\/wp-content\/uploads\/2023\/11\/bandeau100pouruntoitelargi-1200x765.jpg",1200,765,true],"post_slider_layout_portrait_large":["http:\/\/www.codetik.org\/100pour1narbonne\/wp-content\/uploads\/2023\/11\/bandeau100pouruntoitelargi-1200x765.jpg",1200,765,true],"post_slider_layout_square_large":["http:\/\/www.codetik.org\/100pour1narbonne\/wp-content\/uploads\/2023\/11\/bandeau100pouruntoitelargi-1200x765.jpg",1200,765,true],"post_slider_layout_landscape":["http:\/\/www.codetik.org\/100pour1narbonne\/wp-content\/uploads\/2023\/11\/bandeau100pouruntoitelargi-600x400.jpg",600,400,true],"post_slider_layout_portrait":["http:\/\/www.codetik.org\/100pour1narbonne\/wp-content\/uploads\/2023\/11\/bandeau100pouruntoitelargi-600x765.jpg",600,765,true],"post_slider_layout_square":["http:\/\/www.codetik.org\/100pour1narbonne\/wp-content\/uploads\/2023\/11\/bandeau100pouruntoitelargi-600x600.jpg",600,600,true],"full":["http:\/\/www.codetik.org\/100pour1narbonne\/wp-content\/uploads\/2023\/11\/bandeau100pouruntoitelargi.jpg",1500,765,false]},"_links":{"self":[{"href":"http:\/\/www.codetik.org\/100pour1narbonne\/wp-json\/wp\/v2\/pages\/95","targetHints":{"allow":["GET"]}}],"collection":[{"href":"http:\/\/www.codetik.org\/100pour1narbonne\/wp-json\/wp\/v2\/pages"}],"about":[{"href":"http:\/\/www.codetik.org\/100pour1narbonne\/wp-json\/wp\/v2\/types\/page"}],"author":[{"embeddable":true,"href":"http:\/\/www.codetik.org\/100pour1narbonne\/wp-json\/wp\/v2\/users\/1"}],"replies":[{"embeddable":true,"href":"http:\/\/www.codetik.org\/100pour1narbonne\/wp-json\/wp\/v2\/comments?post=95"}],"version-history":[{"count":6,"href":"http:\/\/www.codetik.org\/100pour1narbonne\/wp-json\/wp\/v2\/pages\/95\/revisions"}],"predecessor-version":[{"id":131,"href":"http:\/\/www.codetik.org\/100pour1narbonne\/wp-json\/wp\/v2\/pages\/95\/revisions\/131"}],"wp:featuredmedia":[{"embeddable":true,"href":"http:\/\/www.codetik.org\/100pour1narbonne\/wp-json\/wp\/v2\/media\/129"}],"wp:attachment":[{"href":"http:\/\/www.codetik.org\/100pour1narbonne\/wp-json\/wp\/v2\/media?parent=95"}],"curies":[{"name":"wp","href":"https:\/\/api.w.org\/{rel}","templated":true}]}}