{"id":28,"date":"2023-11-15T11:00:19","date_gmt":"2023-11-15T10:00:19","guid":{"rendered":"http:\/\/www.codetik.org\/100pour1narbonne\/?page_id=28"},"modified":"2023-11-15T13:51:53","modified_gmt":"2023-11-15T12:51:53","slug":"contact","status":"publish","type":"page","link":"http:\/\/www.codetik.org\/100pour1narbonne\/contact\/","title":{"rendered":"Contact"},"content":{"rendered":"\n<p>Pour tout renseignement sur l\u2019association, pour adh\u00e9rer, faire un don, proposer un logement ou proposer son aide il est posssible de venir au FORUM, 1 place du Forum \u00e0 Narbonne :<\/p>\n\n\n\n<p><strong>Chaque mercredi de 13h30 \u00e0 16h30 (hors jours f\u00e9ri\u00e9s)<\/strong><\/p>\n\n\n\n<p>Merci de pr\u00e9f\u00e9rence de prendre rendez-vous en amont \u00e0 100pour1narb@gmail.com<\/p>\n\n\n\n<div class=\"wp-block-ive-google-map alignnone ive_google_map_406383-7b\"><div id=\"overlay\" style=\"cursor:pointer\"><\/div><div class=\"ive-google-map__wrap\" id=\"ive-google-map-16406383-7bf0-4113-bbb3-647b6aca5fea\"><iframe class=\"ive-google-map__iframe\" src=\"https:\/\/maps.google.com\/maps?q=1%20place%20du%20forum%20Narbonne&amp;t=&amp;z=12&amp;ie=UTF8&amp;iwloc=&amp;output=embed\" style=\"height:300px;width:100%;opacity:1\"><\/iframe><\/div><\/div>\n","protected":false},"excerpt":{"rendered":"<p>Pour tout renseignement sur l\u2019association, pour adh\u00e9rer, faire un don, proposer un logement ou proposer son aide il est posssible de venir au FORUM, 1 place du Forum \u00e0 Narbonne : Chaque mercredi de 13h30 \u00e0 16h30 (hors jours f\u00e9ri\u00e9s) Merci de pr\u00e9f\u00e9rence de prendre rendez-vous en amont \u00e0 100pour1narb@gmail.com<\/p>\n","protected":false},"author":1,"featured_media":0,"parent":0,"menu_order":0,"comment_status":"closed","ping_status":"closed","template":"","meta":{"_regular_price":[],"currency_symbol":[],"footnotes":""},"class_list":["post-28","page","type-page","status-publish","hentry"],"post_slider_layout_featured_media_urls":{"thumbnail":"","post_slider_layout_landscape_large":"","post_slider_layout_portrait_large":"","post_slider_layout_square_large":"","post_slider_layout_landscape":"","post_slider_layout_portrait":"","post_slider_layout_square":"","full":""},"_links":{"self":[{"href":"http:\/\/www.codetik.org\/100pour1narbonne\/wp-json\/wp\/v2\/pages\/28","targetHints":{"allow":["GET"]}}],"collection":[{"href":"http:\/\/www.codetik.org\/100pour1narbonne\/wp-json\/wp\/v2\/pages"}],"about":[{"href":"http:\/\/www.codetik.org\/100pour1narbonne\/wp-json\/wp\/v2\/types\/page"}],"author":[{"embeddable":true,"href":"http:\/\/www.codetik.org\/100pour1narbonne\/wp-json\/wp\/v2\/users\/1"}],"replies":[{"embeddable":true,"href":"http:\/\/www.codetik.org\/100pour1narbonne\/wp-json\/wp\/v2\/comments?post=28"}],"version-history":[{"count":4,"href":"http:\/\/www.codetik.org\/100pour1narbonne\/wp-json\/wp\/v2\/pages\/28\/revisions"}],"predecessor-version":[{"id":74,"href":"http:\/\/www.codetik.org\/100pour1narbonne\/wp-json\/wp\/v2\/pages\/28\/revisions\/74"}],"wp:attachment":[{"href":"http:\/\/www.codetik.org\/100pour1narbonne\/wp-json\/wp\/v2\/media?parent=28"}],"curies":[{"name":"wp","href":"https:\/\/api.w.org\/{rel}","templated":true}]}}