{"id":21,"date":"2023-11-15T10:58:37","date_gmt":"2023-11-15T09:58:37","guid":{"rendered":"http:\/\/www.codetik.org\/100pour1narbonne\/?page_id=21"},"modified":"2025-04-28T09:10:05","modified_gmt":"2025-04-28T07:10:05","slug":"evenements","status":"publish","type":"page","link":"http:\/\/www.codetik.org\/100pour1narbonne\/evenements\/","title":{"rendered":"\u00c9v\u00e8nements"},"content":{"rendered":"\n<p><strong>Spectacle puis repas de soutien pr\u00e9par\u00e9 par les migrants<\/strong><\/p>\n\n\n\n<p><\/p>\n\n\n\n<p>D\u00e8s 17h, au caf\u00e9 du Couvent vous pouvez participer \u00e0 une r\u00e9flexion et vous rapprocher d&#8217;une action de protection de trois militantes afghanes. Le reste du programme est sur l&#8217;affiche ci-dessous.<\/p>\n\n\n\n<figure class=\"wp-block-image size-large\"><img loading=\"lazy\" decoding=\"async\" width=\"724\" height=\"1024\" src=\"http:\/\/www.codetik.org\/100pour1narbonne\/wp-content\/uploads\/2025\/04\/couscous-724x1024.jpg\" alt=\"\" class=\"wp-image-164\" srcset=\"http:\/\/www.codetik.org\/100pour1narbonne\/wp-content\/uploads\/2025\/04\/couscous-724x1024.jpg 724w, http:\/\/www.codetik.org\/100pour1narbonne\/wp-content\/uploads\/2025\/04\/couscous-212x300.jpg 212w, http:\/\/www.codetik.org\/100pour1narbonne\/wp-content\/uploads\/2025\/04\/couscous-768x1086.jpg 768w, http:\/\/www.codetik.org\/100pour1narbonne\/wp-content\/uploads\/2025\/04\/couscous-1086x1536.jpg 1086w, http:\/\/www.codetik.org\/100pour1narbonne\/wp-content\/uploads\/2025\/04\/couscous.jpg 1414w\" sizes=\"auto, (max-width: 724px) 100vw, 724px\" \/><\/figure>\n","protected":false},"excerpt":{"rendered":"<p>Spectacle puis repas de soutien pr\u00e9par\u00e9 par les migrants D\u00e8s 17h, au caf\u00e9 du Couvent vous pouvez participer \u00e0 une r\u00e9flexion et vous rapprocher d&#8217;une action de protection de trois militantes afghanes. Le reste du programme est sur l&#8217;affiche ci-dessous.<\/p>\n","protected":false},"author":1,"featured_media":0,"parent":0,"menu_order":0,"comment_status":"closed","ping_status":"closed","template":"","meta":{"_regular_price":[],"currency_symbol":[],"footnotes":""},"class_list":["post-21","page","type-page","status-publish","hentry"],"post_slider_layout_featured_media_urls":{"thumbnail":"","post_slider_layout_landscape_large":"","post_slider_layout_portrait_large":"","post_slider_layout_square_large":"","post_slider_layout_landscape":"","post_slider_layout_portrait":"","post_slider_layout_square":"","full":""},"_links":{"self":[{"href":"http:\/\/www.codetik.org\/100pour1narbonne\/wp-json\/wp\/v2\/pages\/21","targetHints":{"allow":["GET"]}}],"collection":[{"href":"http:\/\/www.codetik.org\/100pour1narbonne\/wp-json\/wp\/v2\/pages"}],"about":[{"href":"http:\/\/www.codetik.org\/100pour1narbonne\/wp-json\/wp\/v2\/types\/page"}],"author":[{"embeddable":true,"href":"http:\/\/www.codetik.org\/100pour1narbonne\/wp-json\/wp\/v2\/users\/1"}],"replies":[{"embeddable":true,"href":"http:\/\/www.codetik.org\/100pour1narbonne\/wp-json\/wp\/v2\/comments?post=21"}],"version-history":[{"count":6,"href":"http:\/\/www.codetik.org\/100pour1narbonne\/wp-json\/wp\/v2\/pages\/21\/revisions"}],"predecessor-version":[{"id":172,"href":"http:\/\/www.codetik.org\/100pour1narbonne\/wp-json\/wp\/v2\/pages\/21\/revisions\/172"}],"wp:attachment":[{"href":"http:\/\/www.codetik.org\/100pour1narbonne\/wp-json\/wp\/v2\/media?parent=21"}],"curies":[{"name":"wp","href":"https:\/\/api.w.org\/{rel}","templated":true}]}}