{"id":19,"date":"2023-11-15T10:58:14","date_gmt":"2023-11-15T09:58:14","guid":{"rendered":"http:\/\/www.codetik.org\/100pour1narbonne\/?page_id=19"},"modified":"2025-04-28T08:29:23","modified_gmt":"2025-04-28T06:29:23","slug":"qui-sommes-nous","status":"publish","type":"page","link":"http:\/\/www.codetik.org\/100pour1narbonne\/qui-sommes-nous\/","title":{"rendered":"\u00ab 100 pour 1 toit du Narbonnais \u00bb qu\u2019es aqu\u00f2 ?"},"content":{"rendered":"\n<p>\u00ab 100 pour 1 toit du Narbonnais \u00bb est une association issue du collectif Accueil MigrantEs du Narbonnais.<\/p>\n\n\n\n<p>Le collectif \u00e9coute, oriente et aide les migrantes et les migrants qui vivent ici. R\u00e9guli\u00e8rement, des personnes se retrouvent sans solution de logement. Nous trouvons parfois des gens qui les accueillent solidairement chez eux mais il est difficile d\u2019accueillir chez soi des familles. <\/p>\n\n\n\n<p>Nous refusons  de supporter sans rien faire que des familles et des personnes isol\u00e9es, fran\u00e7aises ou \u00e9trang\u00e8res, migrantes de longue date ou non, dorment \u00e0 la rue ou soient sans abri.<\/p>\n\n\n\n<p>Nous revendiquons qu\u2019<strong>avoir un toit d\u00e9cent est un besoin fondamental <\/strong>qui permet d\u2019acc\u00e9der \u00e0 une vie digne, qui permet de scolariser ses enfants et de se projeter dans l\u2019avenir.<\/p>\n\n\n\n<p> Dans d\u2019autres d\u00e9partements, des associations ont \u00e9t\u00e9 cr\u00e9\u00e9es pour collecter des fonds afin de pouvoir loger les familles et les personnes isol\u00e9es dans le besoin. Nous avons d\u00e9cid\u00e9 de doter le Narbonnais d\u2019une telle association.<\/p>\n\n\n\n<p><strong>100 pour 1 toit du Narbonnais propose \u00e0 tout un chacun de donner au moins 15 \u20ac par trimestre. Quand 100 personnes acceptent, nous pouvons louer un logement et permettre \u00e0 une famille ou plusieurs personnes isol\u00e9es de b\u00e9n\u00e9ficier d\u2019un toit.<\/strong><br>Notre association porte un projet de solidarit\u00e9 et d\u2019engagement collectif<\/p>\n","protected":false},"excerpt":{"rendered":"<p>\u00ab 100 pour 1 toit du Narbonnais \u00bb est une association issue du collectif Accueil MigrantEs du Narbonnais. Le collectif \u00e9coute, oriente et aide les migrantes et les migrants qui vivent ici. R\u00e9guli\u00e8rement, des personnes se retrouvent sans solution de logement. Nous trouvons parfois des gens qui les accueillent solidairement chez eux mais il est [&hellip;]<\/p>\n","protected":false},"author":1,"featured_media":0,"parent":0,"menu_order":0,"comment_status":"closed","ping_status":"closed","template":"","meta":{"_regular_price":[],"currency_symbol":[],"footnotes":""},"class_list":["post-19","page","type-page","status-publish","hentry"],"post_slider_layout_featured_media_urls":{"thumbnail":"","post_slider_layout_landscape_large":"","post_slider_layout_portrait_large":"","post_slider_layout_square_large":"","post_slider_layout_landscape":"","post_slider_layout_portrait":"","post_slider_layout_square":"","full":""},"_links":{"self":[{"href":"http:\/\/www.codetik.org\/100pour1narbonne\/wp-json\/wp\/v2\/pages\/19","targetHints":{"allow":["GET"]}}],"collection":[{"href":"http:\/\/www.codetik.org\/100pour1narbonne\/wp-json\/wp\/v2\/pages"}],"about":[{"href":"http:\/\/www.codetik.org\/100pour1narbonne\/wp-json\/wp\/v2\/types\/page"}],"author":[{"embeddable":true,"href":"http:\/\/www.codetik.org\/100pour1narbonne\/wp-json\/wp\/v2\/users\/1"}],"replies":[{"embeddable":true,"href":"http:\/\/www.codetik.org\/100pour1narbonne\/wp-json\/wp\/v2\/comments?post=19"}],"version-history":[{"count":4,"href":"http:\/\/www.codetik.org\/100pour1narbonne\/wp-json\/wp\/v2\/pages\/19\/revisions"}],"predecessor-version":[{"id":157,"href":"http:\/\/www.codetik.org\/100pour1narbonne\/wp-json\/wp\/v2\/pages\/19\/revisions\/157"}],"wp:attachment":[{"href":"http:\/\/www.codetik.org\/100pour1narbonne\/wp-json\/wp\/v2\/media?parent=19"}],"curies":[{"name":"wp","href":"https:\/\/api.w.org\/{rel}","templated":true}]}}