{"id":17,"date":"2023-11-15T10:57:31","date_gmt":"2023-11-15T09:57:31","guid":{"rendered":"http:\/\/www.codetik.org\/100pour1narbonne\/?page_id=17"},"modified":"2023-12-01T15:35:43","modified_gmt":"2023-12-01T14:35:43","slug":"rejoignez-nous","status":"publish","type":"page","link":"http:\/\/www.codetik.org\/100pour1narbonne\/rejoignez-nous\/","title":{"rendered":"Devenir membre de 100 pour 1 Toit du Narbonnais"},"content":{"rendered":"\n<p><\/p>\n\n\n\n<figure class=\"wp-block-image size-full\"><img decoding=\"async\" src=\"http:\/\/www.codetik.org\/100pour1narbonne\/wp-content\/uploads\/2023\/11\/action.png\" alt=\"\" class=\"wp-image-120\"\/><\/figure>\n\n\n\n<h5 class=\"wp-block-heading\">Adh\u00e9rer \u00e0 100 pour 1 toit du Narbonnais, c\u2019est refuser de supporter sans rien faire que des familles et des personnes isol\u00e9es, fran\u00e7aises ou \u00e9trang\u00e8res, migrantes de longue date ou non, dorment \u00e0 la rue ou soient sans abri.Pour adh\u00e9rer il vous suffit de remplir les champs suivants :<\/h5>\n\n\n\n<p><\/p>\n\n\n\n<p>Modalit\u00e9s pratiques : Mettre en place un virement unique, annuel ou trimestriel par votre banque sur internet ou en apportant au guichet de votre banque le num\u00e9ro IBAN de l&#8217;association ( voir ci-dessous ) * Remplir un ou plusieurs ch\u00e8ques \u00e0 l&#8217;ordre de &#8221; 100 pour 1 Toit du Narbonnais &#8221; du montant choisi et l&#8217;envoyer \u00e0 : 100 pour 1 Toit du Narbonnais &#8211; Caf\u00e9 des potes &#8211; 5, rue Baudin &#8211; 11100 Narbonne Versement en esp\u00e8ces possible uniquement pour la cotisation annuelle en int\u00e9gralit\u00e9* ( * sauf don libre des membres bienfaiteurs)<\/p>\n","protected":false},"excerpt":{"rendered":"<p>Adh\u00e9rer \u00e0 100 pour 1 toit du Narbonnais, c\u2019est refuser de supporter sans rien faire que des familles et des personnes isol\u00e9es, fran\u00e7aises ou \u00e9trang\u00e8res, migrantes de longue date ou non, dorment \u00e0 la rue ou soient sans abri.Pour adh\u00e9rer il vous suffit de remplir les champs suivants : Modalit\u00e9s pratiques : Mettre en place [&hellip;]<\/p>\n","protected":false},"author":1,"featured_media":151,"parent":0,"menu_order":0,"comment_status":"closed","ping_status":"closed","template":"","meta":{"_regular_price":[],"currency_symbol":[],"footnotes":""},"class_list":["post-17","page","type-page","status-publish","has-post-thumbnail","hentry"],"post_slider_layout_featured_media_urls":{"thumbnail":["http:\/\/www.codetik.org\/100pour1narbonne\/wp-content\/uploads\/2023\/12\/action.gif",60,70,false],"post_slider_layout_landscape_large":["http:\/\/www.codetik.org\/100pour1narbonne\/wp-content\/uploads\/2023\/12\/action.gif",60,70,false],"post_slider_layout_portrait_large":["http:\/\/www.codetik.org\/100pour1narbonne\/wp-content\/uploads\/2023\/12\/action.gif",60,70,false],"post_slider_layout_square_large":["http:\/\/www.codetik.org\/100pour1narbonne\/wp-content\/uploads\/2023\/12\/action.gif",60,70,false],"post_slider_layout_landscape":["http:\/\/www.codetik.org\/100pour1narbonne\/wp-content\/uploads\/2023\/12\/action.gif",60,70,false],"post_slider_layout_portrait":["http:\/\/www.codetik.org\/100pour1narbonne\/wp-content\/uploads\/2023\/12\/action.gif",60,70,false],"post_slider_layout_square":["http:\/\/www.codetik.org\/100pour1narbonne\/wp-content\/uploads\/2023\/12\/action.gif",60,70,false],"full":["http:\/\/www.codetik.org\/100pour1narbonne\/wp-content\/uploads\/2023\/12\/action.gif",60,70,false]},"_links":{"self":[{"href":"http:\/\/www.codetik.org\/100pour1narbonne\/wp-json\/wp\/v2\/pages\/17","targetHints":{"allow":["GET"]}}],"collection":[{"href":"http:\/\/www.codetik.org\/100pour1narbonne\/wp-json\/wp\/v2\/pages"}],"about":[{"href":"http:\/\/www.codetik.org\/100pour1narbonne\/wp-json\/wp\/v2\/types\/page"}],"author":[{"embeddable":true,"href":"http:\/\/www.codetik.org\/100pour1narbonne\/wp-json\/wp\/v2\/users\/1"}],"replies":[{"embeddable":true,"href":"http:\/\/www.codetik.org\/100pour1narbonne\/wp-json\/wp\/v2\/comments?post=17"}],"version-history":[{"count":4,"href":"http:\/\/www.codetik.org\/100pour1narbonne\/wp-json\/wp\/v2\/pages\/17\/revisions"}],"predecessor-version":[{"id":122,"href":"http:\/\/www.codetik.org\/100pour1narbonne\/wp-json\/wp\/v2\/pages\/17\/revisions\/122"}],"wp:featuredmedia":[{"embeddable":true,"href":"http:\/\/www.codetik.org\/100pour1narbonne\/wp-json\/wp\/v2\/media\/151"}],"wp:attachment":[{"href":"http:\/\/www.codetik.org\/100pour1narbonne\/wp-json\/wp\/v2\/media?parent=17"}],"curies":[{"name":"wp","href":"https:\/\/api.w.org\/{rel}","templated":true}]}}