{"id":112,"date":"2023-11-27T11:03:00","date_gmt":"2023-11-27T10:03:00","guid":{"rendered":"http:\/\/www.codetik.org\/100pour1narbonne\/?page_id=112"},"modified":"2023-11-27T11:03:00","modified_gmt":"2023-11-27T10:03:00","slug":"printemps-2022","status":"publish","type":"page","link":"http:\/\/www.codetik.org\/100pour1narbonne\/printemps-2022\/","title":{"rendered":"Printemps 2022"},"content":{"rendered":"\n<p>Une ann\u00e9e riche et solidaire, un an d\u00e9j\u00e0 et d\u00e9j\u00e0 tout ce chemin de parcouru. En un an, 100 pour 1 Toit du Narbonnais s\u2019est cr\u00e9\u00e9, s\u2019est structur\u00e9, a trouv\u00e9 des donateur\u00b7trices et a mis en place ses premiers h\u00e9bergements.<\/p>\n","protected":false},"excerpt":{"rendered":"<p>Une ann\u00e9e riche et solidaire, un an d\u00e9j\u00e0 et d\u00e9j\u00e0 tout ce chemin de parcouru. En un an, 100 pour 1 Toit du Narbonnais s\u2019est cr\u00e9\u00e9, s\u2019est structur\u00e9, a trouv\u00e9 des donateur\u00b7trices et a mis en place ses premiers h\u00e9bergements.<\/p>\n","protected":false},"author":1,"featured_media":0,"parent":0,"menu_order":0,"comment_status":"closed","ping_status":"closed","template":"","meta":{"_regular_price":[],"currency_symbol":[],"footnotes":""},"class_list":["post-112","page","type-page","status-publish","hentry"],"post_slider_layout_featured_media_urls":{"thumbnail":"","post_slider_layout_landscape_large":"","post_slider_layout_portrait_large":"","post_slider_layout_square_large":"","post_slider_layout_landscape":"","post_slider_layout_portrait":"","post_slider_layout_square":"","full":""},"_links":{"self":[{"href":"http:\/\/www.codetik.org\/100pour1narbonne\/wp-json\/wp\/v2\/pages\/112","targetHints":{"allow":["GET"]}}],"collection":[{"href":"http:\/\/www.codetik.org\/100pour1narbonne\/wp-json\/wp\/v2\/pages"}],"about":[{"href":"http:\/\/www.codetik.org\/100pour1narbonne\/wp-json\/wp\/v2\/types\/page"}],"author":[{"embeddable":true,"href":"http:\/\/www.codetik.org\/100pour1narbonne\/wp-json\/wp\/v2\/users\/1"}],"replies":[{"embeddable":true,"href":"http:\/\/www.codetik.org\/100pour1narbonne\/wp-json\/wp\/v2\/comments?post=112"}],"version-history":[{"count":1,"href":"http:\/\/www.codetik.org\/100pour1narbonne\/wp-json\/wp\/v2\/pages\/112\/revisions"}],"predecessor-version":[{"id":113,"href":"http:\/\/www.codetik.org\/100pour1narbonne\/wp-json\/wp\/v2\/pages\/112\/revisions\/113"}],"wp:attachment":[{"href":"http:\/\/www.codetik.org\/100pour1narbonne\/wp-json\/wp\/v2\/media?parent=112"}],"curies":[{"name":"wp","href":"https:\/\/api.w.org\/{rel}","templated":true}]}}