{"id":106,"date":"2023-11-27T10:57:33","date_gmt":"2023-11-27T09:57:33","guid":{"rendered":"http:\/\/www.codetik.org\/100pour1narbonne\/?page_id=106"},"modified":"2023-11-27T10:59:54","modified_gmt":"2023-11-27T09:59:54","slug":"automne-2023","status":"publish","type":"page","link":"http:\/\/www.codetik.org\/100pour1narbonne\/automne-2023\/","title":{"rendered":"Automne 2023"},"content":{"rendered":"\n<p><strong>Quatre familles h\u00e9berg\u00e9es, nous voulons faire plus !<\/strong><\/p>\n\n\n\n<p>100 pour 1 Toit du Narbonnais h\u00e9berge actuellement quatre familles dans trois logements : deux familles \u00e0 Narbonne dans deux appartements que nous louons ; deux familles dans le Minervois, dans une maison mise \u00e0 disposition de l\u2019association par son propri\u00e9taire. Tout ceci, gr\u00e2ce \u00e0 nos 130 donateurs et donatrices.<\/p>\n\n\n\n<p><\/p>\n","protected":false},"excerpt":{"rendered":"<p>Quatre familles h\u00e9berg\u00e9es, nous voulons faire plus ! 100 pour 1 Toit du Narbonnais h\u00e9berge actuellement quatre familles dans trois logements : deux familles \u00e0 Narbonne dans deux appartements que nous louons ; deux familles dans le Minervois, dans une maison mise \u00e0 disposition de l\u2019association par son propri\u00e9taire. Tout ceci, gr\u00e2ce \u00e0 nos 130 [&hellip;]<\/p>\n","protected":false},"author":1,"featured_media":0,"parent":0,"menu_order":0,"comment_status":"closed","ping_status":"closed","template":"","meta":{"_regular_price":[],"currency_symbol":[],"footnotes":""},"class_list":["post-106","page","type-page","status-publish","hentry"],"post_slider_layout_featured_media_urls":{"thumbnail":"","post_slider_layout_landscape_large":"","post_slider_layout_portrait_large":"","post_slider_layout_square_large":"","post_slider_layout_landscape":"","post_slider_layout_portrait":"","post_slider_layout_square":"","full":""},"_links":{"self":[{"href":"http:\/\/www.codetik.org\/100pour1narbonne\/wp-json\/wp\/v2\/pages\/106","targetHints":{"allow":["GET"]}}],"collection":[{"href":"http:\/\/www.codetik.org\/100pour1narbonne\/wp-json\/wp\/v2\/pages"}],"about":[{"href":"http:\/\/www.codetik.org\/100pour1narbonne\/wp-json\/wp\/v2\/types\/page"}],"author":[{"embeddable":true,"href":"http:\/\/www.codetik.org\/100pour1narbonne\/wp-json\/wp\/v2\/users\/1"}],"replies":[{"embeddable":true,"href":"http:\/\/www.codetik.org\/100pour1narbonne\/wp-json\/wp\/v2\/comments?post=106"}],"version-history":[{"count":2,"href":"http:\/\/www.codetik.org\/100pour1narbonne\/wp-json\/wp\/v2\/pages\/106\/revisions"}],"predecessor-version":[{"id":109,"href":"http:\/\/www.codetik.org\/100pour1narbonne\/wp-json\/wp\/v2\/pages\/106\/revisions\/109"}],"wp:attachment":[{"href":"http:\/\/www.codetik.org\/100pour1narbonne\/wp-json\/wp\/v2\/media?parent=106"}],"curies":[{"name":"wp","href":"https:\/\/api.w.org\/{rel}","templated":true}]}}