{"id":10,"date":"2023-11-15T10:36:05","date_gmt":"2023-11-15T09:36:05","guid":{"rendered":"http:\/\/www.codetik.org\/100pour1narbonne\/?page_id=10"},"modified":"2023-11-27T10:34:52","modified_gmt":"2023-11-27T09:34:52","slug":"accueil","status":"publish","type":"page","link":"http:\/\/www.codetik.org\/100pour1narbonne\/","title":{"rendered":"Accueil"},"content":{"rendered":"\n<p>Adh\u00e9rer \u00e0 100 pour 1 toit du Narbonnais, c\u2019est refuser de supporter sans rien faire que des familles et des personnes isol\u00e9es, fran\u00e7aises ou \u00e9trang\u00e8res, migrantes de longue date ou non, dorment \u00e0 la rue ou soient sans abri. Notre but est de restaurer un esprit de fraternit\u00e9 dans notre r\u00e9publique, en r\u00e9unissant par nous-m\u00eames les moyens de loger les familles et les personnes isol\u00e9es sans solution.<\/p>\n","protected":false},"excerpt":{"rendered":"<p>Adh\u00e9rer \u00e0 100 pour 1 toit du Narbonnais, c\u2019est refuser de supporter sans rien faire que des familles et des personnes isol\u00e9es, fran\u00e7aises ou \u00e9trang\u00e8res, migrantes de longue date ou non, dorment \u00e0 la rue ou soient sans abri. Notre but est de restaurer un esprit de fraternit\u00e9 dans notre r\u00e9publique, en r\u00e9unissant par nous-m\u00eames [&hellip;]<\/p>\n","protected":false},"author":1,"featured_media":0,"parent":0,"menu_order":0,"comment_status":"closed","ping_status":"closed","template":"page-template\/custom-home-page.php","meta":{"_regular_price":[],"currency_symbol":[],"footnotes":""},"class_list":["post-10","page","type-page","status-publish","hentry"],"post_slider_layout_featured_media_urls":{"thumbnail":"","post_slider_layout_landscape_large":"","post_slider_layout_portrait_large":"","post_slider_layout_square_large":"","post_slider_layout_landscape":"","post_slider_layout_portrait":"","post_slider_layout_square":"","full":""},"_links":{"self":[{"href":"http:\/\/www.codetik.org\/100pour1narbonne\/wp-json\/wp\/v2\/pages\/10","targetHints":{"allow":["GET"]}}],"collection":[{"href":"http:\/\/www.codetik.org\/100pour1narbonne\/wp-json\/wp\/v2\/pages"}],"about":[{"href":"http:\/\/www.codetik.org\/100pour1narbonne\/wp-json\/wp\/v2\/types\/page"}],"author":[{"embeddable":true,"href":"http:\/\/www.codetik.org\/100pour1narbonne\/wp-json\/wp\/v2\/users\/1"}],"replies":[{"embeddable":true,"href":"http:\/\/www.codetik.org\/100pour1narbonne\/wp-json\/wp\/v2\/comments?post=10"}],"version-history":[{"count":7,"href":"http:\/\/www.codetik.org\/100pour1narbonne\/wp-json\/wp\/v2\/pages\/10\/revisions"}],"predecessor-version":[{"id":98,"href":"http:\/\/www.codetik.org\/100pour1narbonne\/wp-json\/wp\/v2\/pages\/10\/revisions\/98"}],"wp:attachment":[{"href":"http:\/\/www.codetik.org\/100pour1narbonne\/wp-json\/wp\/v2\/media?parent=10"}],"curies":[{"name":"wp","href":"https:\/\/api.w.org\/{rel}","templated":true}]}}